{"id":486,"date":"2016-06-17T20:54:51","date_gmt":"2016-06-17T18:54:51","guid":{"rendered":"http:\/\/www.circeoponza.it\/it\/?page_id=486"},"modified":"2016-06-20T09:48:23","modified_gmt":"2016-06-20T07:48:23","slug":"regolamento-di-viaggio","status":"publish","type":"page","link":"https:\/\/www.circeoponza.it\/it\/regolamento-di-viaggio\/","title":{"rendered":"Regolamento di Viaggio"},"content":{"rendered":"La PONTINA NAVIGAZIONE S.R.L., in seguito identificata come \u201cLa Societ\u00e0\u201d, assume il trasporto passeggeri e del loro bagaglio, in conformit\u00e0 al presente Regolamento di Trasporto, le cui condizioni si considerano conosciute ed accettate integralmente da chiunque acquisti o utilizzi biglietti di passaggio della Societ\u00e0. Il Regolamento di Trasporto \u00e8 a disposizione dell\u2019utenza presso gli Uffici e la Biglietteria della Societ\u00e0, nonch\u00e9 presso i Comandi di bordo. Le tariffe, gli orari, gli itinerari, e le altre condizioni qui riportate possono essere modificate, come da condizioni generali di contratto di trasporto.<\/p>\n<p><strong>FATTURA:<\/strong><br \/>\ni biglietti non hanno valore di fattura. I passeggeri interessati ad ottenere il biglietto con valore di fattura devono farne esplicita richiesta all&#8217;atto dell&#8217;acquisto del biglietto comunicando i propri dati anagrafici e fiscali.<\/p>\n<p><strong>SMARRIMENTO O FURTO DEL BIGLIETTO:<\/strong><br \/>\nnon \u00e8 prevista l&#8217;emissione del duplicato secondo il regolamento della Compagnia armatrice e secondo le norme vigenti;<\/p>\n<p><strong>BIGLIETTI E TARIFFE<\/strong><br \/>\nil biglietto di passaggio \u00e8 personale, non cedibile ed \u00e8 valido solo per il trasporto in esso specificato. Il passeggero \u00e8 tenuto a custodire diligentemente il contratto\/biglietto per giustificare il proprio diritto al viaggio e ad esibirlo a qualsiasi Ufficiale della nave o Funzionario della Societ\u00e0 che ne facesse richiesta. Il biglietto non utilizzato entro la data di emissione perder\u00e0 validit\u00e0 senza diritto al rimborso; le tariffe sono quelle in vigore al momento dell\u2019emissione; i biglietti recanti abrasioni e\/o correzioni sono considerati nulli.<\/p>\n<p><strong>PRENOTAZIONI \u2013 PENALITA\u2019 DI ANNULLAMENTO:<\/strong><br \/>\nLa disdetta della prenotazione deve pervenire agli uffici della societ\u00e0 ed \u00e8 soggetta alle seguenti penalit\u00e0:<\/p>\n<p>10% fino a 15 giorni prima della partenza<br \/>\n30% fino a 7 giorni prima della partenza<br \/>\n50% fino a 2 giorni prima della partenza.<\/p>\n<p>Le rinunce pervenute dopo tale limite di tempo non daranno diritto ad alcun rimborso. Nessun rimborso spetta a chi non si presenta all\u2019imbarco, cos\u00ec come a chi comunica cancellazioni parziali soltanto all\u2019atto dell\u2019imbarco. Nessun rimborso \u00e8 dovuto per passaggi non disdetti.<\/p>\n<p><strong>BAMBINI:<\/strong><br \/>\n\u00e8 concesso il passaggio gratuito senza diritto del posto a sedere, ai bambini di et\u00e0 inferiore ai 2 anni. Da 2 a 10 anni, riduzione tariffaria del 50%. L\u2019et\u00e0 dei bambini deve essere documentata. Dopo l\u2019emissione dei biglietti non pu\u00f2 essere accordata alcuna riduzione bambini. I minori di anni 10 devono essere tenuti sotto la sorveglianza di genitori e\/o persone adulte che li abbiano in custodia e non possono circolare per la nave senza essere accompagnati. La societ\u00e0 non sar\u00e0 responsabile per i danni occorsi a minori in caso di violazione di quanto summenzionato.<\/p>\n<p><strong>BAGAGLI:<\/strong><br \/>\nSono considerati bagagli le valigie, le borse da viaggio, sacchi da viaggio, zaini e simili, contenenti effetti personali del passeggero. I bagagli potranno essere ammessi a bordo dietro pagamento, e dovranno contenere esclusivamente effetti di uso personale. Per i bagagli eccedenti le dimensioni massime di cm 50x30x15 \u00e8 previsto un supplemento sulla tariffa in vigore al momento del trasporto, da concordarsi preventivamente. Bagagli, merci e colli vari sono ammessi a bordo esclusivamente a seguito del passeggero e sono imbarcati a cura del passeggero stesso. I bagagli ammessi a bordo non possono essere sistemati su sedie, poltrone o in modo da arrecare intralcio ai passeggeri. I colli non contenenti effetti personali del passeggero, specie se particolarmente ingombranti, saranno imbarcati solo in caso di disponibilit\u00e0 di posto a bordo, semprech\u00e9 non sussistano impedimenti di ordine tecnico, a insindacabile giudizio del Comando di Bordo. Il servizio portabagagli \u00e8 facoltativo ed il corrispettivo \u00e8 pagato direttamente dal passeggero. I bagagli ammessi a bordo non sono custoditi; sar\u00e0 cura del passeggero sorvegliarli e custodirli all\u2019imbarco, durante la navigazione ed allo sbarco.<br \/>\nIl passeggero che dovesse introdurre a bordo sostanze o oggetti di detenzione illecita sar\u00e0 responsabile verso la Societ\u00e0 per i danni, le ammende e le multe che si dovessero sopportare a seguito di tale introduzione. La Compagnia risponde esclusivamente, nei limiti di legge, per gli oggetti di valore consegnati, contro regolare ricevuta, al Comando. La Societ\u00e0 non risponde di valori, preziosi, danaro o quant\u2019altro lasciato in locali comuni a bordo della nave. In ogni caso spetta comunque al reclamante provare l\u2019entit\u00e0 della perdita o del danno sub\u00ecto, nonch\u00e9 il fatto che tale perdita o danno sia avvenuta nel corso del trasporto.<\/p>\n<p><strong>CANI, GATTI E ALTRI ANIMALI DOMESTICI:<\/strong><br \/>\nSalvo diversa prescrizione di legge, \u00e8 consentito il trasporto di cani, gatti ed altri piccoli animali domestici vivi al seguito dei passeggeri ed a fronte del pagamento della tariffa prevista; gli animali vanno tenuti esclusivamente all\u2019esterno dei saloni passeggeri e in condizioni da non arrecare danni o fastidi ai passeggeri. Nessun animale pu\u00f2 essere introdotto nelle sale e nei locali destinati ai passeggeri, ad eccezione dei cani guida dei non vedenti. I cani debbono essere muniti di museruola e guinzaglio. I gatti o altri animali domestici devono essere trasportati in gabbie o ceste a cura dei loro proprietari. Il nutrimento degli animali \u00e8 a cura dei proprietari.<br \/>\nPer gli animali che viaggiano a seguito passeggeri \u00e8 richiesta la seguente documentazione: certificato sanitario o veterinario in corso di validit\u00e0 attestante che l\u2019animale non \u00e8 affetto da malattie e, in particolare per i cani, che \u00e8 stato sottoposto a vaccinazione anti-rabbica. Detta documentazione pu\u00f2 essere richiesta al momento del rilascio del relativo biglietto o dal personale di bordo.<\/p>\n<p><strong>ITINERARI ED ORARI:<\/strong><br \/>\ngli orari di partenza e di arrivo della nave, l\u2019itinerario della stessa, sono soggetti a variazione anche senza preavviso per avverse condizioni meteo-marine, o per motivi tecnici o causa di forza maggiore. La Societ\u00e0 si riserva altres\u00ec il diritto di sopprimere le corse per gli stessi motivi, in questo caso il bigliettonon utilizzato sar\u00e0 rimborsatoentro 7 giorni lavorativi dall&#8217;Ufficio che lo ha emesso, ma null&#8217;altro spetter\u00e0 al passeggero. I passeggeri sono comunque tenuti a chiedere conferma degli itinerari ed orari, accertandosi, prima della partenza che non siano intervenute variazioni relative alla nave ed all&#8217;orario riportato sul biglietto di passaggio; in tal caso, il passeggero potr\u00e0 chiedere alla Compagnia di poter partire, se vi \u00e8 disponibilit\u00e0 di posti, con il viaggio seguente, ovvero potr\u00e0 rinunciare al viaggio contro il rimborso del prezzo del biglietto non utilizzato che sar\u00e0 effettuato solo dall&#8217;Ufficio di emissione. Nessun ulteriore indennizzo o risarcimento di danni, oltre il rimborso del solo biglietto, verr\u00e0 corrisposto dalla Societ\u00e0 qualunque sia stata la causa determinante la soppressione o modificazione del viaggio.<\/p>\n<p><strong>ARMI:<\/strong><br \/>\nE\u2019 severamente proibito portare a bordo armi bianche e da fuoco, munizioni, esplosivi, carburanti o altre sostanze pericolose.<\/p>\n<p><strong>DISPOSIZIONI DI BORDO \u2013 AVVISI:<\/strong><br \/>\nDal momento dell\u2019imbarco a bordo e fino allo sbarco ogni passeggero \u00e8 tenuto al rispetto delle disposizioni impartite dal personale di bordo e dagli avvisi affissi. I passeggeri dovranno restare seduti durante la traversata e le operazioni di ormeggio e disormeggio, e mantenere un comportamento che non pregiudichi la sicurezza della navigazione.<\/p>\n<p><strong>RESPONSABILITA\u2019 DEL PASSEGGERO:<\/strong><br \/>\nIl passeggero risponde di tutti i danni da lui causati direttamente, o da persona o animale sotto la sua custodia, alla nave, ai suoi arredi, alle pertinenze ed accessori, alle attrezzature, agli altri passeggeri, ai bagagli, al personale dipendente della Societ\u00e0 o agli ausiliari, ai terzi nonch\u00e9 al pagamento delle sanzioni, multe, contravvenzioni e\/o spese alle quali per suo fatto la Societ\u00e0 sia assoggettata.<\/p>\n<p><strong>DIVIETI:<\/strong><br \/>\nE\u2019 vietato ai passeggeri includere nel bagaglio materie infiammabili o comunque pericolose, merce di contrabbando, trasportare lettere e plichi soggetti a tassa postale, generi di privativa dello Stato, o che comunque sia proibito esportare, introdurre nei saloni dei natanti oggetti che possano arrecare noia o disturbo ai passeggeri, sdraiarsi sui divani, aprire o chiudere i finestrini senza rivolgersi al personale di bordo. Della inosservanza dei suindicati divieti i passeggeri sono responsabili verso le Autorit\u00e0 competenti e verso la Societ\u00e0 che si riserva azione di rivalsa per gli eventuali danni, multe e ammende cui andasse soggetta. I passeggeri sono tenuti a risarcire i danni eventualmente cagionati al natante ed agli arredi di bordo.<\/p>\n<p><strong>IMBARCO:<\/strong><br \/>\nIl passeggero, all\u2019atto dell\u2019imbarco, \u00e8 obbligato ad esibire al personale di bordo il titolo di viaggio. Gli orari ed itinerari indicati negli opuscoli illustrativi possono essere soggetti a variazione. Prima di recarsi all\u2019imbarco, i passeggeri sono invitati a controllare orari ed itinerari del viaggio prescelto presso la sede o le biglietterie della Societ\u00e0. La Compagnia non risponde per modifiche improvvise, dovute a forza maggiore, a impedimento della nave o altri giustificati motivi. Ai passeggeri non \u00e8 consentito di portare a bordo della nave armi di qualsiasi genere. Nel caso che, all\u2019atto dell\u2019imbarco o durante la navigazione venga constatato che un passeggero detiene armi o comunque appaia in condizioni (per malattia, ubriachezza o altre ragioni) tali da rappresentare pericolo per s\u00e9 ovvero per gli altri, il Comandante della nave adotter\u00e0 le misure previste dalla legge. Il passeggero, dal momento dell\u2019imbarco e fino allo sbarco, si obbliga ad uniformarsi alle disposizioni emanate dal Comando di bordo.<\/p>\n<p><strong>PRESENTAZIONE ALL\u2019IMBARCO:<\/strong><br \/>\ni passeggeri con prenotazione sono tenuti ad imbarcarsi 20 min. prima della partenza; se ci\u00f2 non avviene decade la prenotazione ed il diritto all\u2019imbarco;<\/p>\n<p><strong>RINUNZIA AL VIAGGIO:<\/strong><br \/>\nla rinunzia al viaggio da parte del cliente non d\u00e0 diritto al rimborso;<\/p>\n<p><strong>RESPONSABILITA\u2019:<\/strong><br \/>\nil trasporto di passeggeri e bagagli sar\u00e0 effettuato a rischio del passeggero. La Societ\u00e0 declina tutte le responsabilit\u00e0 a persone e cose o furti di qualsiasi tipo. Pure nessuna responsabilit\u00e0 si potr\u00e0 attribuire alla societ\u00e0 per maggiori spese causate da ritardi od omissioni di corse dovute per motivi tecnici o cause di forza maggiore. Orari e condizioni di viaggio, tariffe, potranno essere modificate senza preavviso;<\/p>\n<p><strong>RECLAMI:<\/strong><br \/>\npossono essere avanzati per iscritto alla sede della Societ\u00e0 Armatrice entro 60 gg.;<\/p>\n<p>INFORTUNI:<br \/>\neventuali infortuni dovranno essere tempestivamente comunicati al Comando di bordo della nave su cui si \u00e8 effettuato il viaggio.<\/p>\n<p><strong>AFFISSIONE E VARIAZIONE DEL REGOLAMENTO E DELLE TARIFFE:<\/strong><br \/>\nIl presente regolamento \u00e8 affisso, per l\u2019opportuna conoscenza del pubblico, nei locali di ciascuna agenzia della Societ\u00e0 e nei locali di bordo destinati ai passeggeri.<\/p>\n<p><strong>INTEGRAZIONE E MODIFICHE DEL REGOLAMENTO:<\/strong><br \/>\nLa Societ\u00e0 si riserva la facolt\u00e0 di integrare o modificare in qualsiasi momento le condizioni che regolano il rapporto di utenza. Le comunicazioni relative saranno validamente fatte dalla Societ\u00e0 mediante avviso esposto presso gli Uffici e le Biglietterie della Societ\u00e0 e presso i Comandi di bordo ed entreranno in vigore con decorrenza indicata in tale avviso.<\/p>\n<p><strong>FORO COMPETENTE:<\/strong><br \/>\nper qualsiasi controversia dovesse insorgere all\u2019interpretazione del presente contratto di trasporto, il foro competente \u00e8 quello di LATINA.<\/p>\n<p>Registrato a Latina al nr. 6563 Serie 3.","protected":false},"excerpt":{"rendered":"<p>La PONTINA NAVIGAZIONE S.R.L., in seguito identificata come \u201cLa Societ\u00e0\u201d, assume il trasporto passeggeri e del loro bagaglio, in conformit\u00e0 al presente Regolamento di Trasporto, le cui condizioni si considerano conosciute ed accettate integralmente da chiunque acquisti o utilizzi biglietti di passaggio della Societ\u00e0. Il Regolamento di Trasporto \u00e8 a disposizione dell\u2019utenza presso gli Uffici [&hellip;]<\/p>\n","protected":false},"author":1,"featured_media":0,"parent":0,"menu_order":0,"comment_status":"closed","ping_status":"closed","template":"","meta":{"footnotes":""},"class_list":["post-486","page","type-page","status-publish","hentry"],"_links":{"self":[{"href":"https:\/\/www.circeoponza.it\/it\/wp-json\/wp\/v2\/pages\/486","targetHints":{"allow":["GET"]}}],"collection":[{"href":"https:\/\/www.circeoponza.it\/it\/wp-json\/wp\/v2\/pages"}],"about":[{"href":"https:\/\/www.circeoponza.it\/it\/wp-json\/wp\/v2\/types\/page"}],"author":[{"embeddable":true,"href":"https:\/\/www.circeoponza.it\/it\/wp-json\/wp\/v2\/users\/1"}],"replies":[{"embeddable":true,"href":"https:\/\/www.circeoponza.it\/it\/wp-json\/wp\/v2\/comments?post=486"}],"version-history":[{"count":6,"href":"https:\/\/www.circeoponza.it\/it\/wp-json\/wp\/v2\/pages\/486\/revisions"}],"predecessor-version":[{"id":506,"href":"https:\/\/www.circeoponza.it\/it\/wp-json\/wp\/v2\/pages\/486\/revisions\/506"}],"wp:attachment":[{"href":"https:\/\/www.circeoponza.it\/it\/wp-json\/wp\/v2\/media?parent=486"}],"curies":[{"name":"wp","href":"https:\/\/api.w.org\/{rel}","templated":true}]}}