{"id":292,"date":"2016-05-22T00:40:41","date_gmt":"2016-05-21T22:40:41","guid":{"rendered":"http:\/\/circeoponza.marcogermani.it\/it\/?page_id=292"},"modified":"2016-05-22T00:43:28","modified_gmt":"2016-05-21T22:43:28","slug":"attenzione","status":"publish","type":"page","link":"https:\/\/www.circeoponza.it\/it\/attenzione-prenotazioni-non-disponibili\/","title":{"rendered":"Attenzione! Prenotazioni non disponibili!"},"content":{"rendered":"In questo momento non \u00e8 possibile effettuare prenotazioni. Per favore riprova pi\u00f9 tardi!","protected":false},"excerpt":{"rendered":"<p>In questo momento non \u00e8 possibile effettuare prenotazioni. Per favore riprova pi\u00f9 tardi!<\/p>\n","protected":false},"author":1,"featured_media":0,"parent":0,"menu_order":0,"comment_status":"closed","ping_status":"closed","template":"","meta":{"footnotes":""},"class_list":["post-292","page","type-page","status-publish","hentry"],"_links":{"self":[{"href":"https:\/\/www.circeoponza.it\/it\/wp-json\/wp\/v2\/pages\/292","targetHints":{"allow":["GET"]}}],"collection":[{"href":"https:\/\/www.circeoponza.it\/it\/wp-json\/wp\/v2\/pages"}],"about":[{"href":"https:\/\/www.circeoponza.it\/it\/wp-json\/wp\/v2\/types\/page"}],"author":[{"embeddable":true,"href":"https:\/\/www.circeoponza.it\/it\/wp-json\/wp\/v2\/users\/1"}],"replies":[{"embeddable":true,"href":"https:\/\/www.circeoponza.it\/it\/wp-json\/wp\/v2\/comments?post=292"}],"version-history":[{"count":2,"href":"https:\/\/www.circeoponza.it\/it\/wp-json\/wp\/v2\/pages\/292\/revisions"}],"predecessor-version":[{"id":294,"href":"https:\/\/www.circeoponza.it\/it\/wp-json\/wp\/v2\/pages\/292\/revisions\/294"}],"wp:attachment":[{"href":"https:\/\/www.circeoponza.it\/it\/wp-json\/wp\/v2\/media?parent=292"}],"curies":[{"name":"wp","href":"https:\/\/api.w.org\/{rel}","templated":true}]}}